{"id":2880,"date":"2023-12-07T15:47:35","date_gmt":"2023-12-07T14:47:35","guid":{"rendered":"https:\/\/websegely.hu\/?page_id=2880"},"modified":"2024-03-03T05:49:56","modified_gmt":"2024-03-03T04:49:56","slug":"course-pages-developed","status":"publish","type":"page","link":"https:\/\/websegely.hu\/en\/tanfolyam-oldalak-kialakitas\/","title":{"rendered":"Course pages design"},"content":{"rendered":"<div data-elementor-type=\"wp-page\" data-elementor-id=\"2880\" class=\"elementor elementor-2880\" data-elementor-post-type=\"page\">\n\t\t\t\t<div class=\"elementor-element elementor-element-2a010c7 e-flex e-con-boxed e-con e-parent\" data-id=\"2a010c7\" data-element_type=\"container\" data-e-type=\"container\" data-settings=\"{&quot;background_background&quot;:&quot;classic&quot;,&quot;shape_divider_bottom&quot;:&quot;book&quot;}\">\n\t\t\t\t\t<div class=\"e-con-inner\">\n\t\t\t\t<div class=\"elementor-shape elementor-shape-bottom\" aria-hidden=\"true\" data-negative=\"false\">\n\t\t\t<svg xmlns=\"http:\/\/www.w3.org\/2000\/svg\" viewbox=\"0 0 1000 100\" preserveaspectratio=\"none\">\n\t<path class=\"elementor-shape-fill\" d=\"M194,99c186.7,0.7,305-78.3,306-97.2c1,18.9,119.3,97.9,306,97.2c114.3-0.3,194,0.3,194,0.3s0-91.7,0-100c0,0,0,0,0-0 L0,0v99.3C0,99.3,79.7,98.7,194,99z\"\/>\n<\/svg>\t\t<\/div>\n\t\t<div class=\"elementor-element elementor-element-a91ccd5 e-flex e-con-boxed e-con e-child\" data-id=\"a91ccd5\" data-element_type=\"container\" data-e-type=\"container\">\n\t\t\t\t\t<div class=\"e-con-inner\">\n\t\t\t\t<div class=\"elementor-element elementor-element-1d176c1 elementor-widget elementor-widget-heading\" data-id=\"1d176c1\" data-element_type=\"widget\" data-e-type=\"widget\" data-widget_type=\"heading.default\">\n\t\t\t\t<div class=\"elementor-widget-container\">\n\t\t\t\t\t<h2 class=\"elementor-heading-title elementor-size-default\">If you're a teacher and want an online platform to teach your students, you've come to the right place!<\/h2>\t\t\t\t<\/div>\n\t\t\t\t<\/div>\n\t\t\t\t<div class=\"elementor-element elementor-element-6bf76e6 elementor-widget elementor-widget-text-editor\" data-id=\"6bf76e6\" data-element_type=\"widget\" data-e-type=\"widget\" data-widget_type=\"text-editor.default\">\n\t\t\t\t<div class=\"elementor-widget-container\">\n\t\t\t\t\t\t\t\t\t<p>We support enthusiastic teachers and trainers who want to share their passion and knowledge with the world! Here, with our help, you will have the opportunity to create and present your own course page to reach the wide audience who are looking for the knowledge you offer.<\/p>\t\t\t\t\t\t\t\t<\/div>\n\t\t\t\t<\/div>\n\t\t\t\t\t<\/div>\n\t\t\t\t<\/div>\n\t\t\t\t\t<\/div>\n\t\t\t\t<\/div>\n\t\t<div class=\"elementor-element elementor-element-aa0ee57 e-flex e-con-boxed e-con e-parent\" data-id=\"aa0ee57\" data-element_type=\"container\" data-e-type=\"container\" data-settings=\"{&quot;background_background&quot;:&quot;classic&quot;,&quot;shape_divider_top&quot;:&quot;book&quot;,&quot;shape_divider_top_negative&quot;:&quot;yes&quot;}\">\n\t\t\t\t\t<div class=\"e-con-inner\">\n\t\t\t\t<div class=\"elementor-shape elementor-shape-top\" aria-hidden=\"true\" data-negative=\"true\">\n\t\t\t<svg xmlns=\"http:\/\/www.w3.org\/2000\/svg\" viewbox=\"0 0 1000 100\" preserveaspectratio=\"none\">\n\t<path class=\"elementor-shape-fill\" d=\"M806,94.7C619.5,90,500,20.3,500,1.7c-1,18.6-117.5,88.3-306,93C92,97.2,0,97.9,0,97.9v-0l0,0v2.3h1000v-2.3 C1000,97.7,920.3,97.6,806,94.7z M350,65.1L350,65.1L350,65.1L350,65.1z\"\/>\n<\/svg>\n\t\t<\/div>\n\t\t<div class=\"elementor-element elementor-element-6faeffd e-con-full e-flex e-con e-child\" data-id=\"6faeffd\" data-element_type=\"container\" data-e-type=\"container\">\n\t\t\t\t<div class=\"elementor-element elementor-element-6a6ae9f elementor-widget elementor-widget-heading\" data-id=\"6a6ae9f\" data-element_type=\"widget\" data-e-type=\"widget\" data-widget_type=\"heading.default\">\n\t\t\t\t<div class=\"elementor-widget-container\">\n\t\t\t\t\t<h2 class=\"elementor-heading-title elementor-size-default\">Designing education systems<\/h2>\t\t\t\t<\/div>\n\t\t\t\t<\/div>\n\t\t\t\t<div class=\"elementor-element elementor-element-ca8d9bd elementor-widget elementor-widget-text-editor\" data-id=\"ca8d9bd\" data-element_type=\"widget\" data-e-type=\"widget\" data-widget_type=\"text-editor.default\">\n\t\t\t\t<div class=\"elementor-widget-container\">\n\t\t\t\t\t\t\t\t\t<p>Creating flexible online learning systems that allow learners to learn at their own pace and on their own schedule.<\/p>\t\t\t\t\t\t\t\t<\/div>\n\t\t\t\t<\/div>\n\t\t\t\t<div class=\"elementor-element elementor-element-7228e9b elementor-widget elementor-widget-text-editor\" data-id=\"7228e9b\" data-element_type=\"widget\" data-e-type=\"widget\" data-widget_type=\"text-editor.default\">\n\t\t\t\t<div class=\"elementor-widget-container\">\n\t\t\t\t\t\t\t\t\t<p>Overcoming geographical distances is not a problem, as they can access courses and knowledge resources that would have been difficult to access before.\u00a0<\/p>\t\t\t\t\t\t\t\t<\/div>\n\t\t\t\t<\/div>\n\t\t\t\t<\/div>\n\t\t<div class=\"elementor-element elementor-element-6c4bb97 e-con-full e-flex e-con e-child\" data-id=\"6c4bb97\" data-element_type=\"container\" data-e-type=\"container\">\n\t\t\t\t<div class=\"elementor-element elementor-element-7f50b31 elementor-widget elementor-widget-image\" data-id=\"7f50b31\" data-element_type=\"widget\" data-e-type=\"widget\" data-widget_type=\"image.default\">\n\t\t\t\t<div class=\"elementor-widget-container\">\n\t\t\t\t\t\t\t\t\t\t\t\t\t\t\t<img fetchpriority=\"high\" decoding=\"async\" width=\"998\" height=\"499\" src=\"https:\/\/websegely.hu\/wp-content\/uploads\/2023\/12\/Learning.jpeg\" class=\"attachment-large size-large wp-image-2884\" alt=\"\" srcset=\"https:\/\/websegely.hu\/wp-content\/uploads\/2023\/12\/Learning.jpeg 998w, https:\/\/websegely.hu\/wp-content\/uploads\/2023\/12\/Learning-300x150.jpeg 300w, https:\/\/websegely.hu\/wp-content\/uploads\/2023\/12\/Learning-768x384.jpeg 768w\" sizes=\"(max-width: 998px) 100vw, 998px\" \/>\t\t\t\t\t\t\t\t\t\t\t\t\t\t\t<\/div>\n\t\t\t\t<\/div>\n\t\t\t\t<\/div>\n\t\t\t\t\t<\/div>\n\t\t\t\t<\/div>\n\t\t<div class=\"elementor-element elementor-element-13b00ff e-flex e-con-boxed e-con e-parent\" data-id=\"13b00ff\" data-element_type=\"container\" data-e-type=\"container\" data-settings=\"{&quot;background_background&quot;:&quot;classic&quot;}\">\n\t\t\t\t\t<div class=\"e-con-inner\">\n\t\t\t\t<div class=\"elementor-element elementor-element-50af20d elementor-headline--style-highlight elementor-widget elementor-widget-animated-headline\" data-id=\"50af20d\" data-element_type=\"widget\" data-e-type=\"widget\" data-settings=\"{&quot;highlighted_text&quot;:&quot;Szeretn\\u00e9k&quot;,&quot;headline_style&quot;:&quot;highlight&quot;,&quot;marker&quot;:&quot;circle&quot;,&quot;loop&quot;:&quot;yes&quot;,&quot;highlight_animation_duration&quot;:1200,&quot;highlight_iteration_delay&quot;:8000}\" data-widget_type=\"animated-headline.default\">\n\t\t\t\t<div class=\"elementor-widget-container\">\n\t\t\t\t\t\t\t\t<a href=\"https:\/\/websegely.hu\/en\/slave-tattoos\/#egyeb\">\n\n\t\t\t\t\t<h3 class=\"elementor-headline\">\n\t\t\t\t\t<span class=\"elementor-headline-plain-text elementor-headline-text-wrapper\">Course page<\/span>\n\t\t\t\t<span class=\"elementor-headline-dynamic-wrapper elementor-headline-text-wrapper\">\n\t\t\t\t\t<span class=\"elementor-headline-dynamic-text elementor-headline-text-active\">I would like<\/span>\n\t\t\t\t<\/span>\n\t\t\t\t<\/h3>\n\t\t<\/a>\t\t\t\t<\/div>\n\t\t\t\t<\/div>\n\t\t\t\t<div class=\"elementor-element elementor-element-6fe80c0 elementor-mobile-align-center elementor-align-center elementor-widget-tablet__width-initial elementor-widget elementor-widget-button\" data-id=\"6fe80c0\" data-element_type=\"widget\" data-e-type=\"widget\" data-widget_type=\"button.default\">\n\t\t\t\t<div class=\"elementor-widget-container\">\n\t\t\t\t\t\t\t\t\t<div class=\"elementor-button-wrapper\">\n\t\t\t\t\t<a class=\"elementor-button elementor-button-link elementor-size-xl\" href=\"https:\/\/websegely.hu\/en\/slave-tattoos\/#egyeb\">\n\t\t\t\t\t\t<span class=\"elementor-button-content-wrapper\">\n\t\t\t\t\t\t\t\t\t<span class=\"elementor-button-text\">More details<\/span>\n\t\t\t\t\t<\/span>\n\t\t\t\t\t<\/a>\n\t\t\t\t<\/div>\n\t\t\t\t\t\t\t\t<\/div>\n\t\t\t\t<\/div>\n\t\t\t\t\t<\/div>\n\t\t\t\t<\/div>\n\t\t<div class=\"elementor-element elementor-element-82eac3c e-flex e-con-boxed e-con e-parent\" data-id=\"82eac3c\" data-element_type=\"container\" data-e-type=\"container\" data-settings=\"{&quot;background_background&quot;:&quot;classic&quot;}\">\n\t\t\t\t\t<div class=\"e-con-inner\">\n\t\t<div class=\"elementor-element elementor-element-07fd3de e-con-full e-flex e-con e-child\" data-id=\"07fd3de\" data-element_type=\"container\" data-e-type=\"container\">\n\t\t\t\t<div class=\"elementor-element elementor-element-710d123 elementor-widget elementor-widget-heading\" data-id=\"710d123\" data-element_type=\"widget\" data-e-type=\"widget\" data-widget_type=\"heading.default\">\n\t\t\t\t<div class=\"elementor-widget-container\">\n\t\t\t\t\t<h2 class=\"elementor-heading-title elementor-size-default\">What we provide<\/h2>\t\t\t\t<\/div>\n\t\t\t\t<\/div>\n\t\t\t\t<div class=\"elementor-element elementor-element-5030589 elementor-mobile-align-center elementor-align-center elementor-widget-tablet__width-initial elementor-widget elementor-widget-button\" data-id=\"5030589\" data-element_type=\"widget\" data-e-type=\"widget\" data-widget_type=\"button.default\">\n\t\t\t\t<div class=\"elementor-widget-container\">\n\t\t\t\t\t\t\t\t\t<div class=\"elementor-button-wrapper\">\n\t\t\t\t\t<a class=\"elementor-button elementor-button-link elementor-size-xl\" href=\"https:\/\/websegely.hu\/en\/contact\/\">\n\t\t\t\t\t\t<span class=\"elementor-button-content-wrapper\">\n\t\t\t\t\t\t\t\t\t<span class=\"elementor-button-text\">Free consultation<\/span>\n\t\t\t\t\t<\/span>\n\t\t\t\t\t<\/a>\n\t\t\t\t<\/div>\n\t\t\t\t\t\t\t\t<\/div>\n\t\t\t\t<\/div>\n\t\t\t\t<\/div>\n\t\t<div class=\"elementor-element elementor-element-10237ab e-con-full e-flex e-con e-child\" data-id=\"10237ab\" data-element_type=\"container\" data-e-type=\"container\">\n\t\t\t\t<div class=\"elementor-element elementor-element-eb6c564 elementor-icon-list--layout-traditional elementor-list-item-link-full_width elementor-widget elementor-widget-icon-list\" data-id=\"eb6c564\" data-element_type=\"widget\" data-e-type=\"widget\" data-widget_type=\"icon-list.default\">\n\t\t\t\t<div class=\"elementor-widget-container\">\n\t\t\t\t\t\t\t<ul class=\"elementor-icon-list-items\">\n\t\t\t\t\t\t\t<li class=\"elementor-icon-list-item\">\n\t\t\t\t\t\t\t\t\t\t\t<span class=\"elementor-icon-list-icon\">\n\t\t\t\t\t\t\t<i aria-hidden=\"true\" class=\"fas fa-check\"><\/i>\t\t\t\t\t\t<\/span>\n\t\t\t\t\t\t\t\t\t\t<span class=\"elementor-icon-list-text\">Setting up a course system<\/span>\n\t\t\t\t\t\t\t\t\t<\/li>\n\t\t\t\t\t\t\t\t<li class=\"elementor-icon-list-item\">\n\t\t\t\t\t\t\t\t\t\t\t<span class=\"elementor-icon-list-icon\">\n\t\t\t\t\t\t\t<i aria-hidden=\"true\" class=\"far fa-comments\"><\/i>\t\t\t\t\t\t<\/span>\n\t\t\t\t\t\t\t\t\t\t<span class=\"elementor-icon-list-text\">Contact form<\/span>\n\t\t\t\t\t\t\t\t\t<\/li>\n\t\t\t\t\t\t\t\t<li class=\"elementor-icon-list-item\">\n\t\t\t\t\t\t\t\t\t\t\t<span class=\"elementor-icon-list-icon\">\n\t\t\t\t\t\t\t<i aria-hidden=\"true\" class=\"fas fa-thumbs-up\"><\/i>\t\t\t\t\t\t<\/span>\n\t\t\t\t\t\t\t\t\t\t<span class=\"elementor-icon-list-text\">Payment settings<\/span>\n\t\t\t\t\t\t\t\t\t<\/li>\n\t\t\t\t\t\t\t\t<li class=\"elementor-icon-list-item\">\n\t\t\t\t\t\t\t\t\t\t\t<span class=\"elementor-icon-list-icon\">\n\t\t\t\t\t\t\t<i aria-hidden=\"true\" class=\"fas fa-crop-alt\"><\/i>\t\t\t\t\t\t<\/span>\n\t\t\t\t\t\t\t\t\t\t<span class=\"elementor-icon-list-text\">Responsive mode<\/span>\n\t\t\t\t\t\t\t\t\t<\/li>\n\t\t\t\t\t\t\t\t<li class=\"elementor-icon-list-item\">\n\t\t\t\t\t\t\t\t\t\t\t<span class=\"elementor-icon-list-icon\">\n\t\t\t\t\t\t\t<i aria-hidden=\"true\" class=\"fas fa-exclamation-circle\"><\/i>\t\t\t\t\t\t<\/span>\n\t\t\t\t\t\t\t\t\t\t<span class=\"elementor-icon-list-text\">Full instructions for use<\/span>\n\t\t\t\t\t\t\t\t\t<\/li>\n\t\t\t\t\t\t<\/ul>\n\t\t\t\t\t\t<\/div>\n\t\t\t\t<\/div>\n\t\t\t\t<\/div>\n\t\t\t\t\t<\/div>\n\t\t\t\t<\/div>\n\t\t\t\t<\/div>","protected":false},"excerpt":{"rendered":"<p>Ha \u00d6n is tan\u00e1r, oktat\u00f3 \u00e9s szeretne egy online fel\u00fcletet, ahol a di\u00e1kjait tan\u00edthatja, akkor j\u00f3 helyen j\u00e1r! Olyan lelkes tan\u00e1roknak \u00e9s oktat\u00f3knak ny\u00fajtunk seg\u00edts\u00e9get, akik szenved\u00e9ly\u00fcket \u00e9s tud\u00e1sukat szeretn\u00e9k \u00e1tadni a vil\u00e1gnak! Itt, a mi seg\u00edts\u00e9g\u00fcnkkel lehet\u0151s\u00e9ge lesz l\u00e9trehozni \u00e9s bemutatni saj\u00e1t tanfolyam oldal\u00e1t, hogy el\u00e9rhesse azt a sz\u00e9les k\u00f6r\u0171 k\u00f6z\u00f6ns\u00e9get, akik \u00e9pp az [&hellip;]<\/p>\n","protected":false},"author":1,"featured_media":0,"parent":0,"menu_order":0,"comment_status":"closed","ping_status":"closed","template":"","meta":{"site-sidebar-layout":"no-sidebar","site-content-layout":"page-builder","ast-site-content-layout":"full-width-container","site-content-style":"default","site-sidebar-style":"default","ast-global-header-display":"","ast-banner-title-visibility":"","ast-main-header-display":"","ast-hfb-above-header-display":"","ast-hfb-below-header-display":"","ast-hfb-mobile-header-display":"","site-post-title":"disabled","ast-breadcrumbs-content":"","ast-featured-img":"disabled","footer-sml-layout":"","ast-disable-related-posts":"","theme-transparent-header-meta":"default","adv-header-id-meta":"","stick-header-meta":"","header-above-stick-meta":"","header-main-stick-meta":"","header-below-stick-meta":"","astra-migrate-meta-layouts":"set","ast-page-background-enabled":"default","ast-page-background-meta":{"desktop":{"background-color":"","background-image":"","background-repeat":"repeat","background-position":"center center","background-size":"auto","background-attachment":"scroll","background-type":"","background-media":"","overlay-type":"","overlay-color":"","overlay-opacity":"","overlay-gradient":""},"tablet":{"background-color":"","background-image":"","background-repeat":"repeat","background-position":"center center","background-size":"auto","background-attachment":"scroll","background-type":"","background-media":"","overlay-type":"","overlay-color":"","overlay-opacity":"","overlay-gradient":""},"mobile":{"background-color":"","background-image":"","background-repeat":"repeat","background-position":"center center","background-size":"auto","background-attachment":"scroll","background-type":"","background-media":"","overlay-type":"","overlay-color":"","overlay-opacity":"","overlay-gradient":""}},"ast-content-background-meta":{"desktop":{"background-color":"var(--ast-global-color-5)","background-image":"","background-repeat":"repeat","background-position":"center center","background-size":"auto","background-attachment":"scroll","background-type":"","background-media":"","overlay-type":"","overlay-color":"","overlay-opacity":"","overlay-gradient":""},"tablet":{"background-color":"var(--ast-global-color-5)","background-image":"","background-repeat":"repeat","background-position":"center center","background-size":"auto","background-attachment":"scroll","background-type":"","background-media":"","overlay-type":"","overlay-color":"","overlay-opacity":"","overlay-gradient":""},"mobile":{"background-color":"var(--ast-global-color-5)","background-image":"","background-repeat":"repeat","background-position":"center center","background-size":"auto","background-attachment":"scroll","background-type":"","background-media":"","overlay-type":"","overlay-color":"","overlay-opacity":"","overlay-gradient":""}},"footnotes":""},"class_list":["post-2880","page","type-page","status-publish","hentry"],"yoast_head":"<!-- This site is optimized with the Yoast SEO plugin v27.3 - https:\/\/yoast.com\/product\/yoast-seo-wordpress\/ -->\n<title>Tanfolyam oldalak kialak\u00edt\u00e1s - WebSeg\u00e9ly<\/title>\n<meta name=\"robots\" content=\"index, follow, max-snippet:-1, max-image-preview:large, max-video-preview:-1\" \/>\n<link rel=\"canonical\" href=\"https:\/\/websegely.hu\/en\/course-pages-developed\/\" \/>\n<meta property=\"og:locale\" content=\"en_GB\" \/>\n<meta property=\"og:type\" content=\"article\" \/>\n<meta property=\"og:title\" content=\"Tanfolyam oldalak kialak\u00edt\u00e1s - WebSeg\u00e9ly\" \/>\n<meta property=\"og:description\" content=\"Ha \u00d6n is tan\u00e1r, oktat\u00f3 \u00e9s szeretne egy online fel\u00fcletet, ahol a di\u00e1kjait tan\u00edthatja, akkor j\u00f3 helyen j\u00e1r! Olyan lelkes tan\u00e1roknak \u00e9s oktat\u00f3knak ny\u00fajtunk seg\u00edts\u00e9get, akik szenved\u00e9ly\u00fcket \u00e9s tud\u00e1sukat szeretn\u00e9k \u00e1tadni a vil\u00e1gnak! Itt, a mi seg\u00edts\u00e9g\u00fcnkkel lehet\u0151s\u00e9ge lesz l\u00e9trehozni \u00e9s bemutatni saj\u00e1t tanfolyam oldal\u00e1t, hogy el\u00e9rhesse azt a sz\u00e9les k\u00f6r\u0171 k\u00f6z\u00f6ns\u00e9get, akik \u00e9pp az [&hellip;]\" \/>\n<meta property=\"og:url\" content=\"https:\/\/websegely.hu\/en\/course-pages-developed\/\" \/>\n<meta property=\"og:site_name\" content=\"WebSeg\u00e9ly\" \/>\n<meta property=\"article:publisher\" content=\"https:\/\/www.facebook.com\/websegely.info\" \/>\n<meta property=\"article:modified_time\" content=\"2024-03-03T04:49:56+00:00\" \/>\n<meta property=\"og:image\" content=\"https:\/\/websegely.hu\/wp-content\/uploads\/2023\/12\/Learning.jpeg\" \/>\n<meta name=\"twitter:card\" content=\"summary_large_image\" \/>\n<meta name=\"twitter:label1\" content=\"Estimated reading time\" \/>\n\t<meta name=\"twitter:data1\" content=\"1 minute\" \/>\n<script type=\"application\/ld+json\" class=\"yoast-schema-graph\">{\"@context\":\"https:\\\/\\\/schema.org\",\"@graph\":[{\"@type\":\"WebPage\",\"@id\":\"https:\\\/\\\/websegely.hu\\\/tanfolyam-oldalak-kialakitas\\\/\",\"url\":\"https:\\\/\\\/websegely.hu\\\/tanfolyam-oldalak-kialakitas\\\/\",\"name\":\"Tanfolyam oldalak kialak\u00edt\u00e1s - WebSeg\u00e9ly\",\"isPartOf\":{\"@id\":\"https:\\\/\\\/websegely.hu\\\/#website\"},\"primaryImageOfPage\":{\"@id\":\"https:\\\/\\\/websegely.hu\\\/tanfolyam-oldalak-kialakitas\\\/#primaryimage\"},\"image\":{\"@id\":\"https:\\\/\\\/websegely.hu\\\/tanfolyam-oldalak-kialakitas\\\/#primaryimage\"},\"thumbnailUrl\":\"https:\\\/\\\/websegely.hu\\\/wp-content\\\/uploads\\\/2023\\\/12\\\/Learning.jpeg\",\"datePublished\":\"2023-12-07T14:47:35+00:00\",\"dateModified\":\"2024-03-03T04:49:56+00:00\",\"breadcrumb\":{\"@id\":\"https:\\\/\\\/websegely.hu\\\/tanfolyam-oldalak-kialakitas\\\/#breadcrumb\"},\"inLanguage\":\"en-GB\",\"potentialAction\":[{\"@type\":\"ReadAction\",\"target\":[\"https:\\\/\\\/websegely.hu\\\/tanfolyam-oldalak-kialakitas\\\/\"]}]},{\"@type\":\"ImageObject\",\"inLanguage\":\"en-GB\",\"@id\":\"https:\\\/\\\/websegely.hu\\\/tanfolyam-oldalak-kialakitas\\\/#primaryimage\",\"url\":\"https:\\\/\\\/websegely.hu\\\/wp-content\\\/uploads\\\/2023\\\/12\\\/Learning.jpeg\",\"contentUrl\":\"https:\\\/\\\/websegely.hu\\\/wp-content\\\/uploads\\\/2023\\\/12\\\/Learning.jpeg\"},{\"@type\":\"BreadcrumbList\",\"@id\":\"https:\\\/\\\/websegely.hu\\\/tanfolyam-oldalak-kialakitas\\\/#breadcrumb\",\"itemListElement\":[{\"@type\":\"ListItem\",\"position\":1,\"name\":\"Kezd\u0151lap\",\"item\":\"https:\\\/\\\/websegely.hu\\\/\"},{\"@type\":\"ListItem\",\"position\":2,\"name\":\"Tanfolyam oldalak kialak\u00edt\u00e1s\"}]},{\"@type\":\"WebSite\",\"@id\":\"https:\\\/\\\/websegely.hu\\\/#website\",\"url\":\"https:\\\/\\\/websegely.hu\\\/\",\"name\":\"WebSeg\u00e9ly\",\"description\":\"Seg\u00edts\u00e9g az Online Megjelen\u00e9shez\",\"publisher\":{\"@id\":\"https:\\\/\\\/websegely.hu\\\/#organization\"},\"potentialAction\":[{\"@type\":\"SearchAction\",\"target\":{\"@type\":\"EntryPoint\",\"urlTemplate\":\"https:\\\/\\\/websegely.hu\\\/?s={search_term_string}\"},\"query-input\":{\"@type\":\"PropertyValueSpecification\",\"valueRequired\":true,\"valueName\":\"search_term_string\"}}],\"inLanguage\":\"en-GB\"},{\"@type\":\"Organization\",\"@id\":\"https:\\\/\\\/websegely.hu\\\/#organization\",\"name\":\"WebSeg\u00e9ly\",\"url\":\"https:\\\/\\\/websegely.hu\\\/\",\"logo\":{\"@type\":\"ImageObject\",\"inLanguage\":\"en-GB\",\"@id\":\"https:\\\/\\\/websegely.hu\\\/#\\\/schema\\\/logo\\\/image\\\/\",\"url\":\"https:\\\/\\\/websegely.hu\\\/wp-content\\\/uploads\\\/2023\\\/08\\\/Logo-25-jo.png\",\"contentUrl\":\"https:\\\/\\\/websegely.hu\\\/wp-content\\\/uploads\\\/2023\\\/08\\\/Logo-25-jo.png\",\"width\":500,\"height\":500,\"caption\":\"WebSeg\u00e9ly\"},\"image\":{\"@id\":\"https:\\\/\\\/websegely.hu\\\/#\\\/schema\\\/logo\\\/image\\\/\"},\"sameAs\":[\"https:\\\/\\\/www.facebook.com\\\/websegely.info\",\"https:\\\/\\\/www.instagram.com\\\/websegely\\\/\"]}]}<\/script>\n<!-- \/ Yoast SEO plugin. -->","yoast_head_json":{"title":"Course pages design - WebAssistance","robots":{"index":"index","follow":"follow","max-snippet":"max-snippet:-1","max-image-preview":"max-image-preview:large","max-video-preview":"max-video-preview:-1"},"canonical":"https:\/\/websegely.hu\/en\/course-pages-developed\/","og_locale":"en_GB","og_type":"article","og_title":"Tanfolyam oldalak kialak\u00edt\u00e1s - WebSeg\u00e9ly","og_description":"Ha \u00d6n is tan\u00e1r, oktat\u00f3 \u00e9s szeretne egy online fel\u00fcletet, ahol a di\u00e1kjait tan\u00edthatja, akkor j\u00f3 helyen j\u00e1r! Olyan lelkes tan\u00e1roknak \u00e9s oktat\u00f3knak ny\u00fajtunk seg\u00edts\u00e9get, akik szenved\u00e9ly\u00fcket \u00e9s tud\u00e1sukat szeretn\u00e9k \u00e1tadni a vil\u00e1gnak! Itt, a mi seg\u00edts\u00e9g\u00fcnkkel lehet\u0151s\u00e9ge lesz l\u00e9trehozni \u00e9s bemutatni saj\u00e1t tanfolyam oldal\u00e1t, hogy el\u00e9rhesse azt a sz\u00e9les k\u00f6r\u0171 k\u00f6z\u00f6ns\u00e9get, akik \u00e9pp az [&hellip;]","og_url":"https:\/\/websegely.hu\/en\/course-pages-developed\/","og_site_name":"WebSeg\u00e9ly","article_publisher":"https:\/\/www.facebook.com\/websegely.info","article_modified_time":"2024-03-03T04:49:56+00:00","og_image":[{"url":"https:\/\/websegely.hu\/wp-content\/uploads\/2023\/12\/Learning.jpeg","type":"","width":"","height":""}],"twitter_card":"summary_large_image","twitter_misc":{"Estimated reading time":"1 minute"},"schema":{"@context":"https:\/\/schema.org","@graph":[{"@type":"WebPage","@id":"https:\/\/websegely.hu\/tanfolyam-oldalak-kialakitas\/","url":"https:\/\/websegely.hu\/tanfolyam-oldalak-kialakitas\/","name":"Course pages design - WebAssistance","isPartOf":{"@id":"https:\/\/websegely.hu\/#website"},"primaryImageOfPage":{"@id":"https:\/\/websegely.hu\/tanfolyam-oldalak-kialakitas\/#primaryimage"},"image":{"@id":"https:\/\/websegely.hu\/tanfolyam-oldalak-kialakitas\/#primaryimage"},"thumbnailUrl":"https:\/\/websegely.hu\/wp-content\/uploads\/2023\/12\/Learning.jpeg","datePublished":"2023-12-07T14:47:35+00:00","dateModified":"2024-03-03T04:49:56+00:00","breadcrumb":{"@id":"https:\/\/websegely.hu\/tanfolyam-oldalak-kialakitas\/#breadcrumb"},"inLanguage":"en-GB","potentialAction":[{"@type":"ReadAction","target":["https:\/\/websegely.hu\/tanfolyam-oldalak-kialakitas\/"]}]},{"@type":"ImageObject","inLanguage":"en-GB","@id":"https:\/\/websegely.hu\/tanfolyam-oldalak-kialakitas\/#primaryimage","url":"https:\/\/websegely.hu\/wp-content\/uploads\/2023\/12\/Learning.jpeg","contentUrl":"https:\/\/websegely.hu\/wp-content\/uploads\/2023\/12\/Learning.jpeg"},{"@type":"BreadcrumbList","@id":"https:\/\/websegely.hu\/tanfolyam-oldalak-kialakitas\/#breadcrumb","itemListElement":[{"@type":"ListItem","position":1,"name":"Kezd\u0151lap","item":"https:\/\/websegely.hu\/"},{"@type":"ListItem","position":2,"name":"Tanfolyam oldalak kialak\u00edt\u00e1s"}]},{"@type":"WebSite","@id":"https:\/\/websegely.hu\/#website","url":"https:\/\/websegely.hu\/","name":"WebSeg\u00e9ly","description":"Help for Online Appearance","publisher":{"@id":"https:\/\/websegely.hu\/#organization"},"potentialAction":[{"@type":"SearchAction","target":{"@type":"EntryPoint","urlTemplate":"https:\/\/websegely.hu\/?s={search_term_string}"},"query-input":{"@type":"PropertyValueSpecification","valueRequired":true,"valueName":"search_term_string"}}],"inLanguage":"en-GB"},{"@type":"Organization","@id":"https:\/\/websegely.hu\/#organization","name":"WebSeg\u00e9ly","url":"https:\/\/websegely.hu\/","logo":{"@type":"ImageObject","inLanguage":"en-GB","@id":"https:\/\/websegely.hu\/#\/schema\/logo\/image\/","url":"https:\/\/websegely.hu\/wp-content\/uploads\/2023\/08\/Logo-25-jo.png","contentUrl":"https:\/\/websegely.hu\/wp-content\/uploads\/2023\/08\/Logo-25-jo.png","width":500,"height":500,"caption":"WebSeg\u00e9ly"},"image":{"@id":"https:\/\/websegely.hu\/#\/schema\/logo\/image\/"},"sameAs":["https:\/\/www.facebook.com\/websegely.info","https:\/\/www.instagram.com\/websegely\/"]}]}},"_links":{"self":[{"href":"https:\/\/websegely.hu\/en\/wp-json\/wp\/v2\/pages\/2880","targetHints":{"allow":["GET"]}}],"collection":[{"href":"https:\/\/websegely.hu\/en\/wp-json\/wp\/v2\/pages"}],"about":[{"href":"https:\/\/websegely.hu\/en\/wp-json\/wp\/v2\/types\/page"}],"author":[{"embeddable":true,"href":"https:\/\/websegely.hu\/en\/wp-json\/wp\/v2\/users\/1"}],"replies":[{"embeddable":true,"href":"https:\/\/websegely.hu\/en\/wp-json\/wp\/v2\/comments?post=2880"}],"version-history":[{"count":15,"href":"https:\/\/websegely.hu\/en\/wp-json\/wp\/v2\/pages\/2880\/revisions"}],"predecessor-version":[{"id":3857,"href":"https:\/\/websegely.hu\/en\/wp-json\/wp\/v2\/pages\/2880\/revisions\/3857"}],"wp:attachment":[{"href":"https:\/\/websegely.hu\/en\/wp-json\/wp\/v2\/media?parent=2880"}],"curies":[{"name":"wp","href":"https:\/\/api.w.org\/{rel}","templated":true}]}}